{"id":236,"date":"2024-06-17T15:59:17","date_gmt":"2024-06-17T18:59:17","guid":{"rendered":"https:\/\/www.casadocaminhoananias.org.br\/site-2024\/?page_id=236"},"modified":"2025-03-26T14:54:08","modified_gmt":"2025-03-26T17:54:08","slug":"como-ajudar","status":"publish","type":"page","link":"https:\/\/www.casadocaminhoananias.org.br\/site-2024\/como-ajudar\/","title":{"rendered":"Como ajudar"},"content":{"rendered":"<p>[et_pb_section fb_built=&#8221;1&#8243; _builder_version=&#8221;4.25.1&#8243; _module_preset=&#8221;default&#8221; background_color=&#8221;gcid-6156b3d8-6c11-4884-a7ce-8b3d14e5045e&#8221; background_image=&#8221;https:\/\/www.casadocaminhoananias.org.br\/site-2024\/wp-content\/uploads\/2024\/06\/boe-topo.jpg&#8221; background_size=&#8221;contain&#8221; background_position=&#8221;center_right&#8221; global_colors_info=&#8221;{%22gcid-6156b3d8-6c11-4884-a7ce-8b3d14e5045e%22:%91%22background_color%22%93}&#8221;][et_pb_row _builder_version=&#8221;4.25.1&#8243; _module_preset=&#8221;default&#8221; global_colors_info=&#8221;{}&#8221;][et_pb_column type=&#8221;4_4&#8243; _builder_version=&#8221;4.25.1&#8243; _module_preset=&#8221;default&#8221; background_enable_image=&#8221;off&#8221; background_size=&#8221;initial&#8221; background_position=&#8221;bottom_left&#8221; background_horizontal_offset=&#8221;0%&#8221; background_vertical_offset=&#8221;21px&#8221; custom_padding=&#8221;|||20px|false|false&#8221; global_colors_info=&#8221;{}&#8221;][et_pb_text _builder_version=&#8221;4.25.1&#8243; _module_preset=&#8221;default&#8221; text_font=&#8221;Abril Fatface||||||||&#8221; text_text_color=&#8221;gcid-dcd3b076-21aa-447c-8618-785c2f9b9144&#8243; text_font_size=&#8221;42px&#8221; text_line_height=&#8221;60px&#8221; text_font_size_tablet=&#8221;36px&#8221; text_font_size_phone=&#8221;32px&#8221; text_font_size_last_edited=&#8221;on|phone&#8221; global_colors_info=&#8221;{%22gcid-dcd3b076-21aa-447c-8618-785c2f9b9144%22:%91%22text_text_color%22%93}&#8221;]<img loading=\"lazy\" decoding=\"async\" src=\"https:\/\/www.casadocaminhoananias.org.br\/site-2024\/wp-content\/uploads\/2024\/06\/icone-doe.png\" width=\"97\" height=\"97\" alt=\"\" class=\"wp-image-243 alignnone size-full\" style=\"margin: 0 0 -20px 10px;max-width:70px;\"\/><img loading=\"lazy\" decoding=\"async\" src=\"https:\/\/www.casadocaminhoananias.org.br\/site-2024\/wp-content\/uploads\/2024\/06\/icone-voluntariado.png\" width=\"142\" height=\"22\" alt=\"\" class=\"wp-image-177 alignnone size-full\" style=\"margin: 0 10px;\"\/>Doe[\/et_pb_text][et_pb_text _builder_version=&#8221;4.25.1&#8243; _module_preset=&#8221;default&#8221; text_font=&#8221;Abril Fatface||on||||||&#8221; text_text_color=&#8221;#FFFFFF&#8221; text_font_size=&#8221;30px&#8221; text_line_height=&#8221;36px&#8221; module_alignment=&#8221;center&#8221; custom_margin=&#8221;||0px||false|false&#8221; custom_padding=&#8221;|350px|0px|240px|false|false&#8221; custom_padding_tablet=&#8221;|0px||0px|false|false&#8221; custom_padding_phone=&#8221;|0px||0px|false|false&#8221; custom_padding_last_edited=&#8221;on|tablet&#8221; global_colors_info=&#8221;{}&#8221;]Doar \u00e9 entregar-se para o outro.<br \/>\n\u00c9 ser atencioso, caridoso e prestativo com as necessidades do pr\u00f3ximo!<\/p>\n<p>\u201cO importante n\u00e3o \u00e9 o que se d\u00e1, mas o amor com que se d\u00e1.\u201d[\/et_pb_text][et_pb_text _builder_version=&#8221;4.25.1&#8243; _module_preset=&#8221;default&#8221; text_font=&#8221;Barlow||||||||&#8221; text_text_color=&#8221;gcid-f5dabe79-5125-4bf1-aff8-54be08360c8a&#8221; module_alignment=&#8221;center&#8221; custom_margin=&#8221;0px||||false|false&#8221; custom_padding=&#8221;0px|350px||240px|false|false&#8221; custom_padding_tablet=&#8221;|0px||0px|false|false&#8221; custom_padding_phone=&#8221;|0px||0px|false|false&#8221; custom_padding_last_edited=&#8221;on|tablet&#8221; global_colors_info=&#8221;{%22gcid-f5dabe79-5125-4bf1-aff8-54be08360c8a%22:%91%22text_text_color%22%93}&#8221;](Madre Teresa de Calcut\u00e1)[\/et_pb_text][\/et_pb_column][\/et_pb_row][\/et_pb_section][et_pb_section fb_built=&#8221;1&#8243; _builder_version=&#8221;4.25.1&#8243; _module_preset=&#8221;default&#8221; background_color=&#8221;gcid-582ca210-a3c8-4c48-98ba-0d781ea0439e&#8221; background_enable_image=&#8221;off&#8221; custom_margin=&#8221;0px||0px||true|false&#8221; custom_padding=&#8221;0px||0px||true|false&#8221; global_colors_info=&#8221;{%22gcid-582ca210-a3c8-4c48-98ba-0d781ea0439e%22:%91%22background_color%22%93}&#8221;][et_pb_row _builder_version=&#8221;4.25.1&#8243; _module_preset=&#8221;default&#8221; global_colors_info=&#8221;{}&#8221;][et_pb_column type=&#8221;4_4&#8243; _builder_version=&#8221;4.25.1&#8243; _module_preset=&#8221;default&#8221; global_colors_info=&#8221;{}&#8221;][et_pb_text _builder_version=&#8221;4.25.1&#8243; _module_preset=&#8221;default&#8221; text_font=&#8221;Abril Fatface||on||||||&#8221; text_text_color=&#8221;gcid-f5dabe79-5125-4bf1-aff8-54be08360c8a&#8221; text_font_size=&#8221;30px&#8221; text_line_height=&#8221;42px&#8221; text_orientation=&#8221;center&#8221; module_alignment=&#8221;center&#8221; custom_margin=&#8221;||0px||false|false&#8221; custom_padding=&#8221;||||false|false&#8221; custom_padding_tablet=&#8221;||||false|false&#8221; custom_padding_phone=&#8221;||||false|false&#8221; custom_padding_last_edited=&#8221;on|desktop&#8221; global_colors_info=&#8221;{%22gcid-f5dabe79-5125-4bf1-aff8-54be08360c8a%22:%91%22text_text_color%22%93}&#8221;]<\/p>\n<p>Voc\u00ea pode ajudar a Casa do Caminho Ananias de v\u00e1rias<br \/>maneiras: com recursos financeiros, doa\u00e7\u00f5es de itens diversos<br \/>e via cr\u00e9ditos da Nota Fiscal Paulista.<br \/><strong>Saiba mais a seguir.<\/strong><\/p>\n<p>[\/et_pb_text][\/et_pb_column][\/et_pb_row][\/et_pb_section][et_pb_section fb_built=&#8221;1&#8243; _builder_version=&#8221;4.25.1&#8243; _module_preset=&#8221;default&#8221; background_color=&#8221;gcid-46c0ea5d-7e37-4fe1-8f27-af8eeebf129f&#8221; global_colors_info=&#8221;{%22gcid-46c0ea5d-7e37-4fe1-8f27-af8eeebf129f%22:%91%22background_color%22%93}&#8221;][et_pb_row _builder_version=&#8221;4.25.1&#8243; _module_preset=&#8221;default&#8221; global_colors_info=&#8221;{}&#8221;][et_pb_column type=&#8221;4_4&#8243; _builder_version=&#8221;4.25.1&#8243; _module_preset=&#8221;default&#8221; global_colors_info=&#8221;{}&#8221;][et_pb_text _builder_version=&#8221;4.25.1&#8243; _module_preset=&#8221;default&#8221; text_font=&#8221;Abril Fatface||on||||||&#8221; text_text_color=&#8221;gcid-f5dabe79-5125-4bf1-aff8-54be08360c8a&#8221; text_font_size=&#8221;38px&#8221; text_line_height=&#8221;42px&#8221; text_orientation=&#8221;center&#8221; global_colors_info=&#8221;{%22gcid-f5dabe79-5125-4bf1-aff8-54be08360c8a%22:%91%22text_text_color%22%93}&#8221;]<img loading=\"lazy\" decoding=\"async\" src=\"https:\/\/www.casadocaminhoananias.org.br\/site-2024\/wp-content\/uploads\/2024\/06\/icone-recursos-financeiros.png\" width=\"64\" height=\"61\" alt=\"\" class=\"wp-image-251 alignnone size-full\" style=\"margin: 0 10px -10px 0;\" \/>Recursos Financeiros[\/et_pb_text][et_pb_text _builder_version=&#8221;4.25.1&#8243; _module_preset=&#8221;default&#8221; text_font=&#8221;Barlow||||||||&#8221; text_text_color=&#8221;gcid-f5dabe79-5125-4bf1-aff8-54be08360c8a&#8221; text_orientation=&#8221;center&#8221; module_alignment=&#8221;left&#8221; global_colors_info=&#8221;{%22gcid-f5dabe79-5125-4bf1-aff8-54be08360c8a%22:%91%22text_text_color%22%93}&#8221;]As doa\u00e7\u00f5es em dinheiro nos ajudam a dar sequ\u00eancia ao trabalho realizado e s\u00e3o<br \/>\ndestinadas \u00e0s \u00e1reas de maior necessidade no momento.[\/et_pb_text][\/et_pb_column][\/et_pb_row][\/et_pb_section][et_pb_section fb_built=&#8221;1&#8243; _builder_version=&#8221;4.25.1&#8243; _module_preset=&#8221;default&#8221; background_color=&#8221;gcid-dcd3b076-21aa-447c-8618-785c2f9b9144&#8243; global_colors_info=&#8221;{%22gcid-dcd3b076-21aa-447c-8618-785c2f9b9144%22:%91%22background_color%22%93}&#8221;][et_pb_row column_structure=&#8221;1_2,1_2&#8243; make_equal=&#8221;on&#8221; _builder_version=&#8221;4.25.1&#8243; _module_preset=&#8221;default&#8221; global_colors_info=&#8221;{}&#8221;][et_pb_column type=&#8221;1_2&#8243; _builder_version=&#8221;4.25.1&#8243; _module_preset=&#8221;default&#8221; background_color=&#8221;gcid-be3498a5-4b03-4144-8faa-1823211a53cf&#8221; custom_padding=&#8221;|25px|25px|25px|false|true&#8221; global_colors_info=&#8221;{%22gcid-be3498a5-4b03-4144-8faa-1823211a53cf%22:%91%22background_color%22%93}&#8221;][et_pb_image src=&#8221;https:\/\/www.casadocaminhoananias.org.br\/site-2024\/wp-content\/uploads\/2024\/06\/icone-doacao.png&#8221; title_text=&#8221;icone-doacao&#8221; align=&#8221;center&#8221; _builder_version=&#8221;4.25.1&#8243; _module_preset=&#8221;default&#8221; custom_margin=&#8221;-26px|0px||0px|false|true&#8221; custom_padding=&#8221;0px|0px|0px|0px|true|true&#8221; global_colors_info=&#8221;{}&#8221;][\/et_pb_image][et_pb_text _builder_version=&#8221;4.25.1&#8243; _module_preset=&#8221;default&#8221; text_font=&#8221;Abril Fatface||on||||||&#8221; text_text_color=&#8221;#FFFFFF&#8221; text_font_size=&#8221;26px&#8221; text_line_height=&#8221;32px&#8221; hover_enabled=&#8221;0&#8243; global_colors_info=&#8221;{}&#8221; sticky_enabled=&#8221;0&#8243;]<\/p>\n<p style=\"text-align: center;\">Doa\u00e7\u00e3o via Pix<\/p>\n<p>&nbsp;<\/p>\n<p>[\/et_pb_text][et_pb_text _builder_version=&#8221;4.25.1&#8243; _module_preset=&#8221;default&#8221; text_font=&#8221;Barlow||||||||&#8221; text_text_color=&#8221;#FFFFFF&#8221; module_alignment=&#8221;left&#8221; hover_enabled=&#8221;0&#8243; global_colors_info=&#8221;{}&#8221; sticky_enabled=&#8221;0&#8243; custom_padding=&#8221;||0px|||&#8221;]<\/p>\n<p>Para realizar uma doa\u00e7\u00e3o de qualquer valor, utilize o qrcode via PIX:<\/p>\n<p>INSTITUICAO A CASA CAM ANANIAS<\/p>\n<p>CNPJ 74.333.808\/0001-27<\/p>\n<p>Ita\u00fa Unibanco S.A<\/p>\n<p>[\/et_pb_text][et_pb_image src=&#8221;https:\/\/www.casadocaminhoananias.org.br\/site-2024\/wp-content\/uploads\/2025\/03\/DOE-VIA-PIX.png&#8221; _builder_version=&#8221;4.25.1&#8243; _module_preset=&#8221;default&#8221; title_text=&#8221;DOE VIA PIX&#8221; hover_enabled=&#8221;0&#8243; sticky_enabled=&#8221;0&#8243; align=&#8221;center&#8221;][\/et_pb_image][\/et_pb_column][et_pb_column type=&#8221;1_2&#8243; _builder_version=&#8221;4.25.1&#8243; _module_preset=&#8221;default&#8221; background_color=&#8221;gcid-be3498a5-4b03-4144-8faa-1823211a53cf&#8221; custom_padding=&#8221;|25px|25px|25px|false|true&#8221; global_colors_info=&#8221;{%22gcid-be3498a5-4b03-4144-8faa-1823211a53cf%22:%91%22background_color%22%93}&#8221;][et_pb_image src=&#8221;https:\/\/www.casadocaminhoananias.org.br\/site-2024\/wp-content\/uploads\/2024\/06\/icone-doacao.png&#8221; title_text=&#8221;icone-doacao&#8221; align=&#8221;center&#8221; _builder_version=&#8221;4.25.1&#8243; _module_preset=&#8221;default&#8221; custom_margin=&#8221;-26px|0px||0px|false|true&#8221; custom_padding=&#8221;0px|0px|0px|0px|true|true&#8221; global_colors_info=&#8221;{}&#8221;][\/et_pb_image][et_pb_text _builder_version=&#8221;4.25.1&#8243; _module_preset=&#8221;default&#8221; text_font=&#8221;Abril Fatface||on||||||&#8221; text_text_color=&#8221;#FFFFFF&#8221; text_font_size=&#8221;26px&#8221; text_line_height=&#8221;32px&#8221; global_colors_info=&#8221;{}&#8221;]Doa\u00e7\u00e3o via dep\u00f3sito ou transfer\u00eancia:[\/et_pb_text][et_pb_text _builder_version=&#8221;4.25.1&#8243; _module_preset=&#8221;default&#8221; text_font=&#8221;Barlow||||||||&#8221; text_text_color=&#8221;#FFFFFF&#8221; module_alignment=&#8221;left&#8221; global_colors_info=&#8221;{}&#8221;]Se preferir, utilize os dados abaixo para fazer a transa\u00e7\u00e3o banc\u00e1ria.<\/p>\n<p><strong>Institui\u00e7\u00e3o Assistencial Casa do Caminho Ananias<\/strong><\/p>\n<p>CNPJ 74.333.808\/0001-27<br \/>\nBanco Ita\u00fa<br \/>\nAg\u00eancia 0561<br \/>\nConta Corrente 31.890-8[\/et_pb_text][et_pb_image src=&#8221;https:\/\/www.casadocaminhoananias.org.br\/site-2024\/wp-content\/uploads\/2024\/06\/icone-doacao.png&#8221; title_text=&#8221;icone-doacao&#8221; align=&#8221;center&#8221; _builder_version=&#8221;4.25.1&#8243; _module_preset=&#8221;default&#8221; custom_margin=&#8221;-26px|0px||0px|false|true&#8221; custom_padding=&#8221;0px|0px|0px|0px|true|true&#8221; global_colors_info=&#8221;{}&#8221;][\/et_pb_image][\/et_pb_column][\/et_pb_row][et_pb_row _builder_version=&#8221;4.25.1&#8243; _module_preset=&#8221;default&#8221; global_colors_info=&#8221;{}&#8221;][et_pb_column type=&#8221;4_4&#8243; _builder_version=&#8221;4.25.1&#8243; _module_preset=&#8221;default&#8221; global_colors_info=&#8221;{}&#8221;][et_pb_text _builder_version=&#8221;4.25.1&#8243; _module_preset=&#8221;default&#8221; text_font=&#8221;Abril Fatface||on||||||&#8221; text_text_color=&#8221;#FFFFFF&#8221; text_font_size=&#8221;38px&#8221; text_line_height=&#8221;42px&#8221; global_colors_info=&#8221;{}&#8221;]<img loading=\"lazy\" decoding=\"async\" src=\"https:\/\/www.casadocaminhoananias.org.br\/site-2024\/wp-content\/uploads\/2024\/06\/icone-doacoes.png\" width=\"37\" height=\"35\" alt=\"\" class=\"wp-image-258 alignnone size-full\" style=\"margin: 0 10px -5px 0;\"\/>Nota Fiscal Paulista[\/et_pb_text][et_pb_text _builder_version=&#8221;4.25.1&#8243; _module_preset=&#8221;default&#8221; text_font=&#8221;Barlow||||||||&#8221; text_text_color=&#8221;#FFFFFF&#8221; module_alignment=&#8221;left&#8221; global_colors_info=&#8221;{}&#8221;]\u00c9 poss\u00edvel cadastrar a Casa do Caminho Ananias para receber automaticamente os cr\u00e9ditos dos cupons fiscais das compras realizadas pelo seu CPF. Veja como \u00e9 simples:<\/p>\n<p>1.  Fa\u00e7a o login no sistema por meio do aplicativo da Nota Fiscal Paulista (para smartphones e tablets) ou no site do programa (<a href=\"https:\/\/portal.fazenda.sp.gov.br\/servicos\/nfp\/\" target=\"_blank\" style=\"color: #ffde17;\" rel=\"noopener\">https:\/\/portal.fazenda.sp.gov.br\/servicos\/nfp\/)<\/a>.<\/p>\n<p>2. Selecione a op\u00e7\u00e3o \u201cDoa\u00e7\u00e3o Autom\u00e1tica com CPF\u201d. <\/p>\n<p>3.  Utilize nosso CNPJ (74.333.808\/0001-27) para localizar e selecionar a Casa do Caminho Ananias. Escolha, tamb\u00e9m, o per\u00edodo durante o qual deseja doar. [\/et_pb_text][et_pb_text _builder_version=&#8221;4.25.1&#8243; _module_preset=&#8221;default&#8221; text_font=&#8221;Abril Fatface||on||||||&#8221; text_text_color=&#8221;#FFFFFF&#8221; text_font_size=&#8221;38px&#8221; text_line_height=&#8221;42px&#8221; global_colors_info=&#8221;{}&#8221;]<img loading=\"lazy\" decoding=\"async\" src=\"https:\/\/www.casadocaminhoananias.org.br\/site-2024\/wp-content\/uploads\/2024\/06\/icone-nota-paulista.png\" width=\"37\" height=\"35\" alt=\"\" class=\"wp-image-257 alignnone size-full\" style=\"margin: 0 10px -5px 0;\"\/>Doa\u00e7\u00f5es de itens diversos[\/et_pb_text][et_pb_text _builder_version=&#8221;4.25.1&#8243; _module_preset=&#8221;default&#8221; text_font=&#8221;Barlow||||||||&#8221; text_text_color=&#8221;#FFFFFF&#8221; module_alignment=&#8221;left&#8221; global_colors_info=&#8221;{}&#8221;]Aceitamos doa\u00e7\u00f5es de m\u00f3veis, roupas, eletrodom\u00e9sticos, itens de inform\u00e1tica, brinquedos, livros, entre outros que possam ser utilizados nas depend\u00eancias da institui\u00e7\u00e3o, doados \u00e0 comunidade ou revendidos no nosso bazar. <\/p>\n<p>Todas as doa\u00e7\u00f5es s\u00e3o listadas em documentos de controle interno como garantia de que ser\u00e3o designadas a pessoas necessitadas da comunidade e\/ou para revers\u00e3o de recursos para a institui\u00e7\u00e3o.<\/p>\n<p>Possu\u00edmos um caminh\u00e3o que retira as doa\u00e7\u00f5es em todo o Grande ABC, sem nenhum custo. Para isso, \u00e9 essencial que a retirada seja previamente agendada e que os itens estejam em boas condi\u00e7\u00f5es de conserva\u00e7\u00e3o.[\/et_pb_text][et_pb_text _builder_version=&#8221;4.25.1&#8243; _module_preset=&#8221;default&#8221; text_font=&#8221;Barlow||||||||&#8221; text_text_color=&#8221;#FFFFFF&#8221; background_color=&#8221;gcid-be3498a5-4b03-4144-8faa-1823211a53cf&#8221; text_orientation=&#8221;center&#8221; width=&#8221;700px&#8221; module_alignment=&#8221;center&#8221; custom_padding=&#8221;15px|25px|15px|25px|true|true&#8221; border_width_all=&#8221;1px&#8221; border_color_all=&#8221;gcid-secondary-color&#8221; global_colors_info=&#8221;{%22gcid-be3498a5-4b03-4144-8faa-1823211a53cf%22:%91%22background_color%22%93,%22gcid-secondary-color%22:%91%22border_color_all%22%93}&#8221;]Para realizar o agendamento, entre em contato conosco pelos telefones  <strong>(11) 4991-7543<\/strong> ou <strong>4991-5845<\/strong> ou envie um e-mail para <a href=\"mailto:contato@casadocaminhoananias.org.br\" style=\"color:#ffffff;font-weight:bold;\">contato@casadocaminhoananias.org.br<\/a>.[\/et_pb_text][\/et_pb_column][\/et_pb_row][\/et_pb_section]<\/p>\n","protected":false},"excerpt":{"rendered":"<p>DoeDoar \u00e9 entregar-se para o outro. \u00c9 ser atencioso, caridoso e prestativo com as necessidades do pr\u00f3ximo! \u201cO importante n\u00e3o \u00e9 o que se d\u00e1, mas o amor com que [&hellip;]<\/p>\n","protected":false},"author":1,"featured_media":0,"parent":0,"menu_order":0,"comment_status":"closed","ping_status":"closed","template":"","meta":{"_et_pb_use_builder":"on","_et_pb_old_content":"","_et_gb_content_width":"","footnotes":""},"class_list":["post-236","page","type-page","status-publish","hentry"],"yoast_head":"<!-- This site is optimized with the Yoast SEO plugin v22.8 - https:\/\/yoast.com\/wordpress\/plugins\/seo\/ -->\n<title>Como ajudar - Casa Anannias<\/title>\n<meta name=\"robots\" content=\"noindex, follow, max-snippet:-1, max-image-preview:large, max-video-preview:-1\" \/>\n<meta property=\"og:locale\" content=\"pt_BR\" \/>\n<meta property=\"og:type\" content=\"article\" \/>\n<meta property=\"og:title\" content=\"Como ajudar - Casa Anannias\" \/>\n<meta property=\"og:description\" content=\"DoeDoar \u00e9 entregar-se para o outro. \u00c9 ser atencioso, caridoso e prestativo com as necessidades do pr\u00f3ximo! \u201cO importante n\u00e3o \u00e9 o que se d\u00e1, mas o amor com que [&hellip;]\" \/>\n<meta property=\"og:url\" content=\"https:\/\/www.casadocaminhoananias.org.br\/site-2024\/como-ajudar\/\" \/>\n<meta property=\"og:site_name\" content=\"Casa Anannias\" \/>\n<meta property=\"article:modified_time\" content=\"2025-03-26T17:54:08+00:00\" \/>\n<meta property=\"og:image\" content=\"https:\/\/www.casadocaminhoananias.org.br\/site-2024\/wp-content\/uploads\/2024\/06\/icone-doe.png\" \/>\n<meta name=\"twitter:card\" content=\"summary_large_image\" \/>\n<meta name=\"twitter:label1\" content=\"Est. tempo de leitura\" \/>\n\t<meta name=\"twitter:data1\" content=\"5 minutos\" \/>\n<script type=\"application\/ld+json\" class=\"yoast-schema-graph\">{\"@context\":\"https:\/\/schema.org\",\"@graph\":[{\"@type\":\"WebPage\",\"@id\":\"https:\/\/www.casadocaminhoananias.org.br\/site-2024\/como-ajudar\/\",\"url\":\"https:\/\/www.casadocaminhoananias.org.br\/site-2024\/como-ajudar\/\",\"name\":\"Como ajudar - Casa Anannias\",\"isPartOf\":{\"@id\":\"https:\/\/www.casadocaminhoananias.org.br\/site-2024\/#website\"},\"primaryImageOfPage\":{\"@id\":\"https:\/\/www.casadocaminhoananias.org.br\/site-2024\/como-ajudar\/#primaryimage\"},\"image\":{\"@id\":\"https:\/\/www.casadocaminhoananias.org.br\/site-2024\/como-ajudar\/#primaryimage\"},\"thumbnailUrl\":\"https:\/\/www.casadocaminhoananias.org.br\/site-2024\/wp-content\/uploads\/2024\/06\/icone-doe.png\",\"datePublished\":\"2024-06-17T18:59:17+00:00\",\"dateModified\":\"2025-03-26T17:54:08+00:00\",\"breadcrumb\":{\"@id\":\"https:\/\/www.casadocaminhoananias.org.br\/site-2024\/como-ajudar\/#breadcrumb\"},\"inLanguage\":\"pt-BR\",\"potentialAction\":[{\"@type\":\"ReadAction\",\"target\":[\"https:\/\/www.casadocaminhoananias.org.br\/site-2024\/como-ajudar\/\"]}]},{\"@type\":\"ImageObject\",\"inLanguage\":\"pt-BR\",\"@id\":\"https:\/\/www.casadocaminhoananias.org.br\/site-2024\/como-ajudar\/#primaryimage\",\"url\":\"https:\/\/www.casadocaminhoananias.org.br\/site-2024\/wp-content\/uploads\/2024\/06\/icone-doe.png\",\"contentUrl\":\"https:\/\/www.casadocaminhoananias.org.br\/site-2024\/wp-content\/uploads\/2024\/06\/icone-doe.png\",\"width\":97,\"height\":97},{\"@type\":\"BreadcrumbList\",\"@id\":\"https:\/\/www.casadocaminhoananias.org.br\/site-2024\/como-ajudar\/#breadcrumb\",\"itemListElement\":[{\"@type\":\"ListItem\",\"position\":1,\"name\":\"In\u00edcio\",\"item\":\"https:\/\/www.casadocaminhoananias.org.br\/site-2024\/\"},{\"@type\":\"ListItem\",\"position\":2,\"name\":\"Como ajudar\"}]},{\"@type\":\"WebSite\",\"@id\":\"https:\/\/www.casadocaminhoananias.org.br\/site-2024\/#website\",\"url\":\"https:\/\/www.casadocaminhoananias.org.br\/site-2024\/\",\"name\":\"Casa Anannias\",\"description\":\"Institui\u00e7\u00e3o assistencial\",\"potentialAction\":[{\"@type\":\"SearchAction\",\"target\":{\"@type\":\"EntryPoint\",\"urlTemplate\":\"https:\/\/www.casadocaminhoananias.org.br\/site-2024\/?s={search_term_string}\"},\"query-input\":\"required name=search_term_string\"}],\"inLanguage\":\"pt-BR\"}]}<\/script>\n<!-- \/ Yoast SEO plugin. -->","yoast_head_json":{"title":"Como ajudar - Casa Anannias","robots":{"index":"noindex","follow":"follow","max-snippet":"max-snippet:-1","max-image-preview":"max-image-preview:large","max-video-preview":"max-video-preview:-1"},"og_locale":"pt_BR","og_type":"article","og_title":"Como ajudar - Casa Anannias","og_description":"DoeDoar \u00e9 entregar-se para o outro. \u00c9 ser atencioso, caridoso e prestativo com as necessidades do pr\u00f3ximo! \u201cO importante n\u00e3o \u00e9 o que se d\u00e1, mas o amor com que [&hellip;]","og_url":"https:\/\/www.casadocaminhoananias.org.br\/site-2024\/como-ajudar\/","og_site_name":"Casa Anannias","article_modified_time":"2025-03-26T17:54:08+00:00","og_image":[{"url":"https:\/\/www.casadocaminhoananias.org.br\/site-2024\/wp-content\/uploads\/2024\/06\/icone-doe.png"}],"twitter_card":"summary_large_image","twitter_misc":{"Est. tempo de leitura":"5 minutos"},"schema":{"@context":"https:\/\/schema.org","@graph":[{"@type":"WebPage","@id":"https:\/\/www.casadocaminhoananias.org.br\/site-2024\/como-ajudar\/","url":"https:\/\/www.casadocaminhoananias.org.br\/site-2024\/como-ajudar\/","name":"Como ajudar - Casa Anannias","isPartOf":{"@id":"https:\/\/www.casadocaminhoananias.org.br\/site-2024\/#website"},"primaryImageOfPage":{"@id":"https:\/\/www.casadocaminhoananias.org.br\/site-2024\/como-ajudar\/#primaryimage"},"image":{"@id":"https:\/\/www.casadocaminhoananias.org.br\/site-2024\/como-ajudar\/#primaryimage"},"thumbnailUrl":"https:\/\/www.casadocaminhoananias.org.br\/site-2024\/wp-content\/uploads\/2024\/06\/icone-doe.png","datePublished":"2024-06-17T18:59:17+00:00","dateModified":"2025-03-26T17:54:08+00:00","breadcrumb":{"@id":"https:\/\/www.casadocaminhoananias.org.br\/site-2024\/como-ajudar\/#breadcrumb"},"inLanguage":"pt-BR","potentialAction":[{"@type":"ReadAction","target":["https:\/\/www.casadocaminhoananias.org.br\/site-2024\/como-ajudar\/"]}]},{"@type":"ImageObject","inLanguage":"pt-BR","@id":"https:\/\/www.casadocaminhoananias.org.br\/site-2024\/como-ajudar\/#primaryimage","url":"https:\/\/www.casadocaminhoananias.org.br\/site-2024\/wp-content\/uploads\/2024\/06\/icone-doe.png","contentUrl":"https:\/\/www.casadocaminhoananias.org.br\/site-2024\/wp-content\/uploads\/2024\/06\/icone-doe.png","width":97,"height":97},{"@type":"BreadcrumbList","@id":"https:\/\/www.casadocaminhoananias.org.br\/site-2024\/como-ajudar\/#breadcrumb","itemListElement":[{"@type":"ListItem","position":1,"name":"In\u00edcio","item":"https:\/\/www.casadocaminhoananias.org.br\/site-2024\/"},{"@type":"ListItem","position":2,"name":"Como ajudar"}]},{"@type":"WebSite","@id":"https:\/\/www.casadocaminhoananias.org.br\/site-2024\/#website","url":"https:\/\/www.casadocaminhoananias.org.br\/site-2024\/","name":"Casa Anannias","description":"Institui\u00e7\u00e3o assistencial","potentialAction":[{"@type":"SearchAction","target":{"@type":"EntryPoint","urlTemplate":"https:\/\/www.casadocaminhoananias.org.br\/site-2024\/?s={search_term_string}"},"query-input":"required name=search_term_string"}],"inLanguage":"pt-BR"}]}},"_links":{"self":[{"href":"https:\/\/www.casadocaminhoananias.org.br\/site-2024\/wp-json\/wp\/v2\/pages\/236"}],"collection":[{"href":"https:\/\/www.casadocaminhoananias.org.br\/site-2024\/wp-json\/wp\/v2\/pages"}],"about":[{"href":"https:\/\/www.casadocaminhoananias.org.br\/site-2024\/wp-json\/wp\/v2\/types\/page"}],"author":[{"embeddable":true,"href":"https:\/\/www.casadocaminhoananias.org.br\/site-2024\/wp-json\/wp\/v2\/users\/1"}],"replies":[{"embeddable":true,"href":"https:\/\/www.casadocaminhoananias.org.br\/site-2024\/wp-json\/wp\/v2\/comments?post=236"}],"version-history":[{"count":15,"href":"https:\/\/www.casadocaminhoananias.org.br\/site-2024\/wp-json\/wp\/v2\/pages\/236\/revisions"}],"predecessor-version":[{"id":522,"href":"https:\/\/www.casadocaminhoananias.org.br\/site-2024\/wp-json\/wp\/v2\/pages\/236\/revisions\/522"}],"wp:attachment":[{"href":"https:\/\/www.casadocaminhoananias.org.br\/site-2024\/wp-json\/wp\/v2\/media?parent=236"}],"curies":[{"name":"wp","href":"https:\/\/api.w.org\/{rel}","templated":true}]}}