{"id":277,"date":"2024-06-18T13:36:43","date_gmt":"2024-06-18T16:36:43","guid":{"rendered":"https:\/\/www.casadocaminhoananias.org.br\/site-2024\/?page_id=277"},"modified":"2025-12-10T09:51:26","modified_gmt":"2025-12-10T12:51:26","slug":"quem-somos","status":"publish","type":"page","link":"https:\/\/www.casadocaminhoananias.org.br\/site-2024\/quem-somos\/","title":{"rendered":"Quem somos"},"content":{"rendered":"<p>[et_pb_section fb_built=&#8221;1&#8243; _builder_version=&#8221;4.25.1&#8243; _module_preset=&#8221;default&#8221; background_color=&#8221;gcid-6156b3d8-6c11-4884-a7ce-8b3d14e5045e&#8221; background_image=&#8221;https:\/\/www.casadocaminhoananias.org.br\/site-2024\/wp-content\/uploads\/2024\/06\/quem-somos-imagem.jpg&#8221; background_size=&#8221;contain&#8221; background_position=&#8221;center_right&#8221; global_colors_info=&#8221;{%22gcid-6156b3d8-6c11-4884-a7ce-8b3d14e5045e%22:%91%22background_color%22%93}&#8221;][et_pb_row _builder_version=&#8221;4.25.1&#8243; _module_preset=&#8221;default&#8221; global_colors_info=&#8221;{}&#8221;][et_pb_column type=&#8221;4_4&#8243; _builder_version=&#8221;4.25.1&#8243; _module_preset=&#8221;default&#8221; background_enable_image=&#8221;off&#8221; background_size=&#8221;initial&#8221; background_position=&#8221;bottom_left&#8221; background_horizontal_offset=&#8221;0%&#8221; background_vertical_offset=&#8221;21px&#8221; custom_padding=&#8221;|||20px|false|false&#8221; global_colors_info=&#8221;{}&#8221;][et_pb_text _builder_version=&#8221;4.25.1&#8243; _module_preset=&#8221;default&#8221; text_font=&#8221;Abril Fatface||||||||&#8221; text_text_color=&#8221;gcid-dcd3b076-21aa-447c-8618-785c2f9b9144&#8243; text_font_size=&#8221;42px&#8221; text_line_height=&#8221;60px&#8221; text_font_size_tablet=&#8221;36px&#8221; text_font_size_phone=&#8221;32px&#8221; text_font_size_last_edited=&#8221;on|phone&#8221; global_colors_info=&#8221;{%22gcid-dcd3b076-21aa-447c-8618-785c2f9b9144%22:%91%22text_text_color%22%93}&#8221;]<img loading=\"lazy\" decoding=\"async\" src=\"https:\/\/www.casadocaminhoananias.org.br\/site-2024\/wp-content\/uploads\/2024\/06\/icone-quem-somos.png\" width=\"171\" height=\"84\" alt=\"\" class=\"wp-image-283 alignnone size-full\"style=\"margin: 0 10px -30px 10px;\" \/>QUEM SOMOS?[\/et_pb_text][et_pb_text _builder_version=&#8221;4.25.1&#8243; _module_preset=&#8221;default&#8221; text_font=&#8221;Abril Fatface||on||||||&#8221; text_text_color=&#8221;#FFFFFF&#8221; text_font_size=&#8221;30px&#8221; text_line_height=&#8221;36px&#8221; module_alignment=&#8221;center&#8221; custom_margin=&#8221;||0px||false|false&#8221; custom_padding=&#8221;|350px|0px|240px|false|false&#8221; custom_padding_tablet=&#8221;|0px||0px|false|false&#8221; custom_padding_phone=&#8221;|0px||0px|false|false&#8221; custom_padding_last_edited=&#8221;on|tablet&#8221; global_colors_info=&#8221;{}&#8221;]A Casa do Caminho Ananias \u00e9 uma institui\u00e7\u00e3o filantr\u00f3pica, n\u00e3o governamental e sem fins lucrativos, localizada na cidade de Santo Andr\u00e9, no estado de S\u00e3o Paulo.[\/et_pb_text][\/et_pb_column][\/et_pb_row][\/et_pb_section][et_pb_section fb_built=&#8221;1&#8243; _builder_version=&#8221;4.25.1&#8243; _module_preset=&#8221;default&#8221; background_color=&#8221;gcid-582ca210-a3c8-4c48-98ba-0d781ea0439e&#8221; background_enable_image=&#8221;off&#8221; custom_margin=&#8221;0px||0px||true|false&#8221; custom_padding=&#8221;||||false|false&#8221; global_colors_info=&#8221;{%22gcid-582ca210-a3c8-4c48-98ba-0d781ea0439e%22:%91%22background_color%22%93}&#8221;][et_pb_row _builder_version=&#8221;4.25.1&#8243; _module_preset=&#8221;default&#8221; global_colors_info=&#8221;{}&#8221;][et_pb_column type=&#8221;4_4&#8243; _builder_version=&#8221;4.25.1&#8243; _module_preset=&#8221;default&#8221; global_colors_info=&#8221;{}&#8221;][et_pb_text _builder_version=&#8221;4.25.1&#8243; _module_preset=&#8221;default&#8221; text_font=&#8221;Abril Fatface||on||||||&#8221; text_text_color=&#8221;gcid-f5dabe79-5125-4bf1-aff8-54be08360c8a&#8221; text_font_size=&#8221;34px&#8221; text_line_height=&#8221;44px&#8221; text_orientation=&#8221;center&#8221; module_alignment=&#8221;center&#8221; custom_margin=&#8221;||0px||false|false&#8221; custom_padding=&#8221;||||false|false&#8221; custom_padding_tablet=&#8221;||||false|false&#8221; custom_padding_phone=&#8221;||||false|false&#8221; custom_padding_last_edited=&#8221;on|desktop&#8221; global_colors_info=&#8221;{%22gcid-f5dabe79-5125-4bf1-aff8-54be08360c8a%22:%91%22text_text_color%22%93}&#8221;]<\/p>\n<p>Nossa miss\u00e3o<\/p>\n<p>[\/et_pb_text][et_pb_text _builder_version=&#8221;4.25.1&#8243; _module_preset=&#8221;default&#8221; text_font=&#8221;Barlow||||||||&#8221; text_text_color=&#8221;gcid-f5dabe79-5125-4bf1-aff8-54be08360c8a&#8221; text_orientation=&#8221;center&#8221; module_alignment=&#8221;left&#8221; custom_margin=&#8221;20px||||false|false&#8221; global_colors_info=&#8221;{%22gcid-f5dabe79-5125-4bf1-aff8-54be08360c8a%22:%91%22text_text_color%22%93}&#8221;]<\/p>\n<p>Proporcionar \u00e0s nossas idosas em acolhimento o m\u00e1ximo de conforto material e espiritual. Al\u00e9m disso, ajudar, na medida de nossas for\u00e7as, as pessoas em situa\u00e7\u00e3o de vulnerabilidade social da comunidade na qual estamos inseridos.<\/p>\n<p>[\/et_pb_text][et_pb_divider color=&#8221;gcid-f5dabe79-5125-4bf1-aff8-54be08360c8a&#8221; _builder_version=&#8221;4.25.1&#8243; _module_preset=&#8221;default&#8221; global_colors_info=&#8221;{%22gcid-f5dabe79-5125-4bf1-aff8-54be08360c8a%22:%91%22color%22%93}&#8221;][\/et_pb_divider][et_pb_text _builder_version=&#8221;4.25.1&#8243; _module_preset=&#8221;default&#8221; text_font=&#8221;Abril Fatface||on||||||&#8221; text_text_color=&#8221;gcid-f5dabe79-5125-4bf1-aff8-54be08360c8a&#8221; text_font_size=&#8221;34px&#8221; text_line_height=&#8221;44px&#8221; text_orientation=&#8221;center&#8221; module_alignment=&#8221;center&#8221; custom_margin=&#8221;||0px||false|false&#8221; custom_padding=&#8221;||||false|false&#8221; custom_padding_tablet=&#8221;||||false|false&#8221; custom_padding_phone=&#8221;||||false|false&#8221; custom_padding_last_edited=&#8221;on|desktop&#8221; global_colors_info=&#8221;{%22gcid-f5dabe79-5125-4bf1-aff8-54be08360c8a%22:%91%22text_text_color%22%93}&#8221;]<\/p>\n<p>Nossa vis\u00e3o <\/p>\n<p>[\/et_pb_text][et_pb_text _builder_version=&#8221;4.25.1&#8243; _module_preset=&#8221;default&#8221; text_font=&#8221;Barlow||||||||&#8221; text_text_color=&#8221;gcid-f5dabe79-5125-4bf1-aff8-54be08360c8a&#8221; text_orientation=&#8221;center&#8221; module_alignment=&#8221;left&#8221; custom_margin=&#8221;20px||||false|false&#8221; global_colors_info=&#8221;{%22gcid-f5dabe79-5125-4bf1-aff8-54be08360c8a%22:%91%22text_text_color%22%93}&#8221;]<\/p>\n<p>\u00c9 responsabilidade da sociedade como um todo cuidar de seus mais vulner\u00e1veis.<\/p>\n<p>[\/et_pb_text][et_pb_divider color=&#8221;gcid-f5dabe79-5125-4bf1-aff8-54be08360c8a&#8221; _builder_version=&#8221;4.25.1&#8243; _module_preset=&#8221;default&#8221; global_colors_info=&#8221;{%22gcid-f5dabe79-5125-4bf1-aff8-54be08360c8a%22:%91%22color%22%93}&#8221;][\/et_pb_divider][et_pb_text _builder_version=&#8221;4.25.1&#8243; _module_preset=&#8221;default&#8221; text_font=&#8221;Abril Fatface||on||||||&#8221; text_text_color=&#8221;gcid-f5dabe79-5125-4bf1-aff8-54be08360c8a&#8221; text_font_size=&#8221;34px&#8221; text_line_height=&#8221;44px&#8221; text_orientation=&#8221;center&#8221; module_alignment=&#8221;center&#8221; custom_margin=&#8221;||0px||false|false&#8221; custom_padding=&#8221;||||false|false&#8221; custom_padding_tablet=&#8221;||||false|false&#8221; custom_padding_phone=&#8221;||||false|false&#8221; custom_padding_last_edited=&#8221;on|desktop&#8221; global_colors_info=&#8221;{%22gcid-f5dabe79-5125-4bf1-aff8-54be08360c8a%22:%91%22text_text_color%22%93}&#8221;]<\/p>\n<p>Nossos valores<\/p>\n<p>[\/et_pb_text][et_pb_text _builder_version=&#8221;4.25.1&#8243; _module_preset=&#8221;default&#8221; text_font=&#8221;Barlow||||||||&#8221; text_text_color=&#8221;gcid-f5dabe79-5125-4bf1-aff8-54be08360c8a&#8221; text_orientation=&#8221;center&#8221; module_alignment=&#8221;left&#8221; custom_margin=&#8221;20px||||false|false&#8221; global_colors_info=&#8221;{%22gcid-f5dabe79-5125-4bf1-aff8-54be08360c8a%22:%91%22text_text_color%22%93}&#8221;]<strong>\u00c9ticos:<\/strong> transpar\u00eancia e honestidade<\/p>\n<p><strong>Democr\u00e1ticos e Humanit\u00e1rios:<\/strong> uni\u00e3o, amor, confian\u00e7a e liberdade de express\u00e3o<\/p>\n<p><strong>Vocacionais:<\/strong> perseveran\u00e7a e paci\u00eancia[\/et_pb_text][\/et_pb_column][\/et_pb_row][\/et_pb_section][et_pb_section fb_built=&#8221;1&#8243; _builder_version=&#8221;4.25.1&#8243; _module_preset=&#8221;default&#8221; background_color=&#8221;gcid-dcd3b076-21aa-447c-8618-785c2f9b9144&#8243; global_colors_info=&#8221;{%22gcid-dcd3b076-21aa-447c-8618-785c2f9b9144%22:%91%22background_color%22%93}&#8221;][et_pb_row _builder_version=&#8221;4.25.1&#8243; _module_preset=&#8221;default&#8221; global_colors_info=&#8221;{}&#8221;][et_pb_column type=&#8221;4_4&#8243; _builder_version=&#8221;4.25.1&#8243; _module_preset=&#8221;default&#8221; global_colors_info=&#8221;{}&#8221;][et_pb_text _builder_version=&#8221;4.25.1&#8243; _module_preset=&#8221;default&#8221; text_font=&#8221;Abril Fatface||on||||||&#8221; text_text_color=&#8221;#FFFFFF&#8221; text_font_size=&#8221;38px&#8221; text_line_height=&#8221;42px&#8221; global_colors_info=&#8221;{}&#8221;]<img loading=\"lazy\" decoding=\"async\" src=\"https:\/\/www.casadocaminhoananias.org.br\/site-2024\/wp-content\/uploads\/2024\/06\/icone-diretoria.png\" width=\"73\" height=\"66\" alt=\"\" class=\"wp-image-289 alignnone size-full\" style=\"margin: 0 10px -10px 0;\"\/>DIRETORIA[\/et_pb_text][et_pb_text _builder_version=&#8221;4.25.1&#8243; _module_preset=&#8221;default&#8221; text_font=&#8221;Barlow||||||||&#8221; text_text_color=&#8221;#FFFFFF&#8221; text_font_size=&#8221;20px&#8221; module_alignment=&#8221;left&#8221; global_colors_info=&#8221;{}&#8221;]Desde janeiro de 2017, atendendo ao Estatuto Social, contamos com a seguinte diretoria eleita:[\/et_pb_text][et_pb_text _builder_version=&#8221;4.25.1&#8243; _module_preset=&#8221;default&#8221; text_font=&#8221;Barlow||||||||&#8221; text_text_color=&#8221;#FFFFFF&#8221; text_font_size=&#8221;20px&#8221; text_line_height=&#8221;28px&#8221; module_alignment=&#8221;left&#8221; custom_padding=&#8221;25px|25px|25px|25px|true|true&#8221; border_width_all=&#8221;2px&#8221; border_color_all=&#8221;#FFFFFF&#8221; global_colors_info=&#8221;{}&#8221;]<\/p>\n<p><strong>Presidente:<\/strong> Marlei Pafundi<br \/><strong>Vice-Presidente:<\/strong> Terezinha Gamba Pafundi<br \/><strong>1\u00ba Secret\u00e1rio:<\/strong> Sidnei Ant\u00f4nio Bou\u00e7as<br \/><strong>2\u00aa Secret\u00e1ria:<\/strong> Marta Gomes Schaffausser<br \/><strong>1\u00ba Tesoureiro:<\/strong> Miguel Bolognesi<br \/><strong>2\u00aa Tesoureira:<\/strong> Maria Aparecida Malhani<br \/><strong>Conselho Fiscal:<\/strong> D\u00e9cio Ben\u00edcio<br \/><strong>Conselho Fiscal:<\/strong> Aldemar Fabiano Canhassi da Cunha<br \/><strong>Conselho Fiscal:<\/strong> Marcos de Abreu Barbosa<\/p>\n<p>[\/et_pb_text][\/et_pb_column][\/et_pb_row][\/et_pb_section]<\/p>\n","protected":false},"excerpt":{"rendered":"<p>QUEM SOMOS?A Casa do Caminho Ananias \u00e9 uma institui\u00e7\u00e3o filantr\u00f3pica, n\u00e3o governamental e sem fins lucrativos, localizada na cidade de Santo Andr\u00e9, no estado de S\u00e3o Paulo.Nossa miss\u00e3oProporcionar \u00e0s nossas [&hellip;]<\/p>\n","protected":false},"author":1,"featured_media":0,"parent":0,"menu_order":0,"comment_status":"closed","ping_status":"closed","template":"","meta":{"_et_pb_use_builder":"on","_et_pb_old_content":"","_et_gb_content_width":"","footnotes":""},"class_list":["post-277","page","type-page","status-publish","hentry"],"yoast_head":"<!-- This site is optimized with the Yoast SEO plugin v22.8 - https:\/\/yoast.com\/wordpress\/plugins\/seo\/ -->\n<title>Quem somos - Casa Anannias<\/title>\n<meta name=\"robots\" content=\"noindex, follow, max-snippet:-1, max-image-preview:large, max-video-preview:-1\" \/>\n<meta property=\"og:locale\" content=\"pt_BR\" \/>\n<meta property=\"og:type\" content=\"article\" \/>\n<meta property=\"og:title\" content=\"Quem somos - Casa Anannias\" \/>\n<meta property=\"og:description\" content=\"QUEM SOMOS?A Casa do Caminho Ananias \u00e9 uma institui\u00e7\u00e3o filantr\u00f3pica, n\u00e3o governamental e sem fins lucrativos, localizada na cidade de Santo Andr\u00e9, no estado de S\u00e3o Paulo.Nossa miss\u00e3oProporcionar \u00e0s nossas [&hellip;]\" \/>\n<meta property=\"og:url\" content=\"https:\/\/www.casadocaminhoananias.org.br\/site-2024\/quem-somos\/\" \/>\n<meta property=\"og:site_name\" content=\"Casa Anannias\" \/>\n<meta property=\"article:modified_time\" content=\"2025-12-10T12:51:26+00:00\" \/>\n<meta property=\"og:image\" content=\"https:\/\/www.casadocaminhoananias.org.br\/site-2024\/wp-content\/uploads\/2024\/06\/icone-quem-somos.png\" \/>\n<meta name=\"twitter:card\" content=\"summary_large_image\" \/>\n<meta name=\"twitter:label1\" content=\"Est. tempo de leitura\" \/>\n\t<meta name=\"twitter:data1\" content=\"2 minutos\" \/>\n<script type=\"application\/ld+json\" class=\"yoast-schema-graph\">{\"@context\":\"https:\/\/schema.org\",\"@graph\":[{\"@type\":\"WebPage\",\"@id\":\"https:\/\/www.casadocaminhoananias.org.br\/site-2024\/quem-somos\/\",\"url\":\"https:\/\/www.casadocaminhoananias.org.br\/site-2024\/quem-somos\/\",\"name\":\"Quem somos - Casa Anannias\",\"isPartOf\":{\"@id\":\"https:\/\/www.casadocaminhoananias.org.br\/site-2024\/#website\"},\"primaryImageOfPage\":{\"@id\":\"https:\/\/www.casadocaminhoananias.org.br\/site-2024\/quem-somos\/#primaryimage\"},\"image\":{\"@id\":\"https:\/\/www.casadocaminhoananias.org.br\/site-2024\/quem-somos\/#primaryimage\"},\"thumbnailUrl\":\"https:\/\/www.casadocaminhoananias.org.br\/site-2024\/wp-content\/uploads\/2024\/06\/icone-quem-somos.png\",\"datePublished\":\"2024-06-18T16:36:43+00:00\",\"dateModified\":\"2025-12-10T12:51:26+00:00\",\"breadcrumb\":{\"@id\":\"https:\/\/www.casadocaminhoananias.org.br\/site-2024\/quem-somos\/#breadcrumb\"},\"inLanguage\":\"pt-BR\",\"potentialAction\":[{\"@type\":\"ReadAction\",\"target\":[\"https:\/\/www.casadocaminhoananias.org.br\/site-2024\/quem-somos\/\"]}]},{\"@type\":\"ImageObject\",\"inLanguage\":\"pt-BR\",\"@id\":\"https:\/\/www.casadocaminhoananias.org.br\/site-2024\/quem-somos\/#primaryimage\",\"url\":\"https:\/\/www.casadocaminhoananias.org.br\/site-2024\/wp-content\/uploads\/2024\/06\/icone-quem-somos.png\",\"contentUrl\":\"https:\/\/www.casadocaminhoananias.org.br\/site-2024\/wp-content\/uploads\/2024\/06\/icone-quem-somos.png\",\"width\":171,\"height\":84},{\"@type\":\"BreadcrumbList\",\"@id\":\"https:\/\/www.casadocaminhoananias.org.br\/site-2024\/quem-somos\/#breadcrumb\",\"itemListElement\":[{\"@type\":\"ListItem\",\"position\":1,\"name\":\"In\u00edcio\",\"item\":\"https:\/\/www.casadocaminhoananias.org.br\/site-2024\/\"},{\"@type\":\"ListItem\",\"position\":2,\"name\":\"Quem somos\"}]},{\"@type\":\"WebSite\",\"@id\":\"https:\/\/www.casadocaminhoananias.org.br\/site-2024\/#website\",\"url\":\"https:\/\/www.casadocaminhoananias.org.br\/site-2024\/\",\"name\":\"Casa Anannias\",\"description\":\"Institui\u00e7\u00e3o assistencial\",\"potentialAction\":[{\"@type\":\"SearchAction\",\"target\":{\"@type\":\"EntryPoint\",\"urlTemplate\":\"https:\/\/www.casadocaminhoananias.org.br\/site-2024\/?s={search_term_string}\"},\"query-input\":\"required name=search_term_string\"}],\"inLanguage\":\"pt-BR\"}]}<\/script>\n<!-- \/ Yoast SEO plugin. -->","yoast_head_json":{"title":"Quem somos - Casa Anannias","robots":{"index":"noindex","follow":"follow","max-snippet":"max-snippet:-1","max-image-preview":"max-image-preview:large","max-video-preview":"max-video-preview:-1"},"og_locale":"pt_BR","og_type":"article","og_title":"Quem somos - Casa Anannias","og_description":"QUEM SOMOS?A Casa do Caminho Ananias \u00e9 uma institui\u00e7\u00e3o filantr\u00f3pica, n\u00e3o governamental e sem fins lucrativos, localizada na cidade de Santo Andr\u00e9, no estado de S\u00e3o Paulo.Nossa miss\u00e3oProporcionar \u00e0s nossas [&hellip;]","og_url":"https:\/\/www.casadocaminhoananias.org.br\/site-2024\/quem-somos\/","og_site_name":"Casa Anannias","article_modified_time":"2025-12-10T12:51:26+00:00","og_image":[{"url":"https:\/\/www.casadocaminhoananias.org.br\/site-2024\/wp-content\/uploads\/2024\/06\/icone-quem-somos.png"}],"twitter_card":"summary_large_image","twitter_misc":{"Est. tempo de leitura":"2 minutos"},"schema":{"@context":"https:\/\/schema.org","@graph":[{"@type":"WebPage","@id":"https:\/\/www.casadocaminhoananias.org.br\/site-2024\/quem-somos\/","url":"https:\/\/www.casadocaminhoananias.org.br\/site-2024\/quem-somos\/","name":"Quem somos - Casa Anannias","isPartOf":{"@id":"https:\/\/www.casadocaminhoananias.org.br\/site-2024\/#website"},"primaryImageOfPage":{"@id":"https:\/\/www.casadocaminhoananias.org.br\/site-2024\/quem-somos\/#primaryimage"},"image":{"@id":"https:\/\/www.casadocaminhoananias.org.br\/site-2024\/quem-somos\/#primaryimage"},"thumbnailUrl":"https:\/\/www.casadocaminhoananias.org.br\/site-2024\/wp-content\/uploads\/2024\/06\/icone-quem-somos.png","datePublished":"2024-06-18T16:36:43+00:00","dateModified":"2025-12-10T12:51:26+00:00","breadcrumb":{"@id":"https:\/\/www.casadocaminhoananias.org.br\/site-2024\/quem-somos\/#breadcrumb"},"inLanguage":"pt-BR","potentialAction":[{"@type":"ReadAction","target":["https:\/\/www.casadocaminhoananias.org.br\/site-2024\/quem-somos\/"]}]},{"@type":"ImageObject","inLanguage":"pt-BR","@id":"https:\/\/www.casadocaminhoananias.org.br\/site-2024\/quem-somos\/#primaryimage","url":"https:\/\/www.casadocaminhoananias.org.br\/site-2024\/wp-content\/uploads\/2024\/06\/icone-quem-somos.png","contentUrl":"https:\/\/www.casadocaminhoananias.org.br\/site-2024\/wp-content\/uploads\/2024\/06\/icone-quem-somos.png","width":171,"height":84},{"@type":"BreadcrumbList","@id":"https:\/\/www.casadocaminhoananias.org.br\/site-2024\/quem-somos\/#breadcrumb","itemListElement":[{"@type":"ListItem","position":1,"name":"In\u00edcio","item":"https:\/\/www.casadocaminhoananias.org.br\/site-2024\/"},{"@type":"ListItem","position":2,"name":"Quem somos"}]},{"@type":"WebSite","@id":"https:\/\/www.casadocaminhoananias.org.br\/site-2024\/#website","url":"https:\/\/www.casadocaminhoananias.org.br\/site-2024\/","name":"Casa Anannias","description":"Institui\u00e7\u00e3o assistencial","potentialAction":[{"@type":"SearchAction","target":{"@type":"EntryPoint","urlTemplate":"https:\/\/www.casadocaminhoananias.org.br\/site-2024\/?s={search_term_string}"},"query-input":"required name=search_term_string"}],"inLanguage":"pt-BR"}]}},"_links":{"self":[{"href":"https:\/\/www.casadocaminhoananias.org.br\/site-2024\/wp-json\/wp\/v2\/pages\/277"}],"collection":[{"href":"https:\/\/www.casadocaminhoananias.org.br\/site-2024\/wp-json\/wp\/v2\/pages"}],"about":[{"href":"https:\/\/www.casadocaminhoananias.org.br\/site-2024\/wp-json\/wp\/v2\/types\/page"}],"author":[{"embeddable":true,"href":"https:\/\/www.casadocaminhoananias.org.br\/site-2024\/wp-json\/wp\/v2\/users\/1"}],"replies":[{"embeddable":true,"href":"https:\/\/www.casadocaminhoananias.org.br\/site-2024\/wp-json\/wp\/v2\/comments?post=277"}],"version-history":[{"count":8,"href":"https:\/\/www.casadocaminhoananias.org.br\/site-2024\/wp-json\/wp\/v2\/pages\/277\/revisions"}],"predecessor-version":[{"id":627,"href":"https:\/\/www.casadocaminhoananias.org.br\/site-2024\/wp-json\/wp\/v2\/pages\/277\/revisions\/627"}],"wp:attachment":[{"href":"https:\/\/www.casadocaminhoananias.org.br\/site-2024\/wp-json\/wp\/v2\/media?parent=277"}],"curies":[{"name":"wp","href":"https:\/\/api.w.org\/{rel}","templated":true}]}}