{"id":357,"date":"2024-08-16T19:51:09","date_gmt":"2024-08-16T22:51:09","guid":{"rendered":"https:\/\/www.casadocaminhoananias.org.br\/site-2024\/?page_id=357"},"modified":"2024-08-16T19:59:09","modified_gmt":"2024-08-16T22:59:09","slug":"festa-das-aniversariantes-do-mes","status":"publish","type":"page","link":"https:\/\/www.casadocaminhoananias.org.br\/site-2024\/calendario-eventos\/festa-das-aniversariantes-do-mes\/","title":{"rendered":"Festa das Aniversariantes do M\u00eas"},"content":{"rendered":"<p>[et_pb_section fb_built=&#8221;1&#8243; _builder_version=&#8221;4.25.1&#8243; _module_preset=&#8221;default&#8221; background_color=&#8221;gcid-6156b3d8-6c11-4884-a7ce-8b3d14e5045e&#8221; global_colors_info=&#8221;{%22gcid-6156b3d8-6c11-4884-a7ce-8b3d14e5045e%22:%91%22background_color%22%93}&#8221;][et_pb_row _builder_version=&#8221;4.25.1&#8243; _module_preset=&#8221;default&#8221; global_colors_info=&#8221;{}&#8221;][et_pb_column type=&#8221;4_4&#8243; _builder_version=&#8221;4.25.1&#8243; _module_preset=&#8221;default&#8221; background_enable_image=&#8221;off&#8221; background_size=&#8221;initial&#8221; background_position=&#8221;bottom_left&#8221; background_horizontal_offset=&#8221;0%&#8221; background_vertical_offset=&#8221;21px&#8221; custom_padding=&#8221;|||20px|false|false&#8221; global_colors_info=&#8221;{}&#8221;][et_pb_text _builder_version=&#8221;4.25.1&#8243; _module_preset=&#8221;default&#8221; text_font=&#8221;Abril Fatface||||||||&#8221; text_text_color=&#8221;gcid-dcd3b076-21aa-447c-8618-785c2f9b9144&#8243; text_font_size=&#8221;42px&#8221; text_line_height=&#8221;60px&#8221; hover_enabled=&#8221;0&#8243; text_font_size_tablet=&#8221;36px&#8221; text_font_size_phone=&#8221;32px&#8221; text_font_size_last_edited=&#8221;on|phone&#8221; global_colors_info=&#8221;{%22gcid-dcd3b076-21aa-447c-8618-785c2f9b9144%22:%91%22text_text_color%22%93}&#8221; sticky_enabled=&#8221;0&#8243;]<img loading=\"lazy\" decoding=\"async\" src=\"https:\/\/www.casadocaminhoananias.org.br\/site-2024\/wp-content\/uploads\/2024\/06\/icone-calendario-g.png\" width=\"93\" height=\"93\" alt=\"\" class=\"wp-image-178 alignnone size-medium\" style=\"margin: 0 0 -20px 10px;max-width:70px;\" \/><img loading=\"lazy\" decoding=\"async\" src=\"https:\/\/www.casadocaminhoananias.org.br\/site-2024\/wp-content\/uploads\/2024\/06\/icone-voluntariado.png\" width=\"142\" height=\"22\" alt=\"\" class=\"wp-image-177 alignnone size-full\" style=\"margin: 0 10px;\"\/>Eventos e Atividades[\/et_pb_text][et_pb_text _builder_version=&#8221;4.25.1&#8243; _module_preset=&#8221;default&#8221; text_font=&#8221;Abril Fatface||on||||||&#8221; text_text_color=&#8221;#FFFFFF&#8221; text_font_size=&#8221;30px&#8221; text_line_height=&#8221;36px&#8221; module_alignment=&#8221;center&#8221; custom_margin=&#8221;||||false|false&#8221; custom_padding=&#8221;|350px||240px|false|false&#8221; custom_padding_tablet=&#8221;|0px||0px|false|false&#8221; custom_padding_phone=&#8221;|0px||0px|false|false&#8221; custom_padding_last_edited=&#8221;on|tablet&#8221; hover_enabled=&#8221;0&#8243; global_colors_info=&#8221;{}&#8221; sticky_enabled=&#8221;0&#8243;]Conhe\u00e7a algumas das a\u00e7\u00f5es que integram o calend\u00e1rio da Casa do Caminho Ananias[\/et_pb_text][\/et_pb_column][\/et_pb_row][\/et_pb_section][et_pb_section fb_built=&#8221;1&#8243; _builder_version=&#8221;4.25.1&#8243; _module_preset=&#8221;default&#8221; background_color=&#8221;gcid-582ca210-a3c8-4c48-98ba-0d781ea0439e&#8221; background_enable_image=&#8221;off&#8221; custom_margin=&#8221;0px||0px||true|false&#8221; custom_padding=&#8221;0px||0px||true|false&#8221; global_colors_info=&#8221;{%22gcid-582ca210-a3c8-4c48-98ba-0d781ea0439e%22:%91%22background_color%22%93}&#8221;][et_pb_row _builder_version=&#8221;4.25.1&#8243; _module_preset=&#8221;default&#8221; global_colors_info=&#8221;{}&#8221;][et_pb_column type=&#8221;4_4&#8243; _builder_version=&#8221;4.25.1&#8243; _module_preset=&#8221;default&#8221; global_colors_info=&#8221;{}&#8221;][et_pb_text _builder_version=&#8221;4.25.1&#8243; _module_preset=&#8221;default&#8221; text_font=&#8221;Abril Fatface||on||||||&#8221; text_text_color=&#8221;gcid-f5dabe79-5125-4bf1-aff8-54be08360c8a&#8221; text_font_size=&#8221;38px&#8221; text_line_height=&#8221;42px&#8221; text_orientation=&#8221;center&#8221; hover_enabled=&#8221;0&#8243; global_colors_info=&#8221;{%22gcid-f5dabe79-5125-4bf1-aff8-54be08360c8a%22:%91%22text_text_color%22%93}&#8221; sticky_enabled=&#8221;0&#8243;]<img loading=\"lazy\" decoding=\"async\" src=\"https:\/\/www.casadocaminhoananias.org.br\/site-2024\/wp-content\/uploads\/2024\/06\/icone-celebracoes.png\" width=\"58\" height=\"52\" alt=\"\" class=\"wp-image-176 alignnone size-full\"  style=\"margin:  0 10px -10px 0;\"\/>Celebra\u00e7\u00f5es[\/et_pb_text][\/et_pb_column][\/et_pb_row][\/et_pb_section][et_pb_section fb_built=&#8221;1&#8243; _builder_version=&#8221;4.25.1&#8243; _module_preset=&#8221;default&#8221; background_color=&#8221;gcid-46c0ea5d-7e37-4fe1-8f27-af8eeebf129f&#8221; global_colors_info=&#8221;{%22gcid-46c0ea5d-7e37-4fe1-8f27-af8eeebf129f%22:%91%22background_color%22%93}&#8221;][et_pb_row column_structure=&#8221;1_3,2_3&#8243; _builder_version=&#8221;4.25.1&#8243; _module_preset=&#8221;default&#8221; hover_enabled=&#8221;0&#8243; global_colors_info=&#8221;{}&#8221; sticky_enabled=&#8221;0&#8243;][et_pb_column type=&#8221;1_3&#8243; _builder_version=&#8221;4.25.1&#8243; _module_preset=&#8221;default&#8221; background_color=&#8221;gcid-dcd3b076-21aa-447c-8618-785c2f9b9144&#8243; custom_padding=&#8221;|25px|25px|25px|false|true&#8221; global_colors_info=&#8221;{%22gcid-dcd3b076-21aa-447c-8618-785c2f9b9144%22:%91%22background_color%22%93}&#8221;][et_pb_image src=&#8221;https:\/\/www.casadocaminhoananias.org.br\/site-2024\/wp-content\/uploads\/2024\/06\/icone-aniversarios.png&#8221; title_text=&#8221;icone-aniversarios&#8221; align=&#8221;center&#8221; _builder_version=&#8221;4.25.1&#8243; _module_preset=&#8221;default&#8221; custom_margin=&#8221;-40px|0px||0px|false|true&#8221; custom_padding=&#8221;0px|0px|0px|0px|true|true&#8221; global_colors_info=&#8221;{}&#8221;][\/et_pb_image][et_pb_text _builder_version=&#8221;4.25.1&#8243; _module_preset=&#8221;default&#8221; text_font=&#8221;Abril Fatface||on||||||&#8221; text_text_color=&#8221;#FFFFFF&#8221; text_font_size=&#8221;26px&#8221; text_line_height=&#8221;32px&#8221; global_colors_info=&#8221;{}&#8221;]Festa das Aniversariantes do M\u00eas[\/et_pb_text][et_pb_text _builder_version=&#8221;4.25.1&#8243; _module_preset=&#8221;default&#8221; text_font=&#8221;Barlow||||||||&#8221; text_text_color=&#8221;#FFFFFF&#8221; module_alignment=&#8221;left&#8221; global_colors_info=&#8221;{}&#8221;]Frequ\u00eancia: mensal<\/p>\n<p><span style=\"color: #ff8700;\">Objetivo:<\/span> promover a intera\u00e7\u00e3o e socializa\u00e7\u00e3o entre as idosas de forma que se sintam homenageadas e importantes.[\/et_pb_text][\/et_pb_column][et_pb_column type=&#8221;2_3&#8243; _builder_version=&#8221;4.25.1&#8243; _module_preset=&#8221;default&#8221; background_color=&#8221;gcid-dcd3b076-21aa-447c-8618-785c2f9b9144&#8243; custom_padding=&#8221;25px|25px|25px|25px|true|true&#8221; hover_enabled=&#8221;0&#8243; global_colors_info=&#8221;{%22gcid-dcd3b076-21aa-447c-8618-785c2f9b9144%22:%91%22background_color%22%93}&#8221; sticky_enabled=&#8221;0&#8243;][et_pb_gallery _builder_version=&#8221;4.25.1&#8243; _module_preset=&#8221;default&#8221; gallery_ids=&#8221;165,164,163&#8243; gallery_orderby=&#8221;rand&#8221; show_title_and_caption=&#8221;off&#8221; posts_number=&#8221;1000&#8243; hover_enabled=&#8221;0&#8243; sticky_enabled=&#8221;0&#8243;][\/et_pb_gallery][\/et_pb_column][\/et_pb_row][\/et_pb_section]<\/p>\n","protected":false},"excerpt":{"rendered":"<p>Eventos e AtividadesConhe\u00e7a algumas das a\u00e7\u00f5es que integram o calend\u00e1rio da Casa do Caminho AnaniasCelebra\u00e7\u00f5esFesta das Aniversariantes do M\u00easFrequ\u00eancia: mensal Objetivo: promover a intera\u00e7\u00e3o e socializa\u00e7\u00e3o entre as idosas de [&hellip;]<\/p>\n","protected":false},"author":1,"featured_media":0,"parent":169,"menu_order":0,"comment_status":"closed","ping_status":"closed","template":"","meta":{"_et_pb_use_builder":"on","_et_pb_old_content":"","_et_gb_content_width":"","footnotes":""},"class_list":["post-357","page","type-page","status-publish","hentry"],"yoast_head":"<!-- This site is optimized with the Yoast SEO plugin v22.8 - https:\/\/yoast.com\/wordpress\/plugins\/seo\/ -->\n<title>Festa das Aniversariantes do M\u00eas - Casa Anannias<\/title>\n<meta name=\"robots\" content=\"noindex, follow, max-snippet:-1, max-image-preview:large, max-video-preview:-1\" \/>\n<meta property=\"og:locale\" content=\"pt_BR\" \/>\n<meta property=\"og:type\" content=\"article\" \/>\n<meta property=\"og:title\" content=\"Festa das Aniversariantes do M\u00eas - Casa Anannias\" \/>\n<meta property=\"og:description\" content=\"Eventos e AtividadesConhe\u00e7a algumas das a\u00e7\u00f5es que integram o calend\u00e1rio da Casa do Caminho AnaniasCelebra\u00e7\u00f5esFesta das Aniversariantes do M\u00easFrequ\u00eancia: mensal Objetivo: promover a intera\u00e7\u00e3o e socializa\u00e7\u00e3o entre as idosas de [&hellip;]\" \/>\n<meta property=\"og:url\" content=\"https:\/\/www.casadocaminhoananias.org.br\/site-2024\/calendario-eventos\/festa-das-aniversariantes-do-mes\/\" \/>\n<meta property=\"og:site_name\" content=\"Casa Anannias\" \/>\n<meta property=\"article:modified_time\" content=\"2024-08-16T22:59:09+00:00\" \/>\n<meta property=\"og:image\" content=\"https:\/\/www.casadocaminhoananias.org.br\/site-2024\/wp-content\/uploads\/2024\/06\/icone-calendario-g.png\" \/>\n<meta name=\"twitter:card\" content=\"summary_large_image\" \/>\n<meta name=\"twitter:label1\" content=\"Est. tempo de leitura\" \/>\n\t<meta name=\"twitter:data1\" content=\"7 minutos\" \/>\n<script type=\"application\/ld+json\" class=\"yoast-schema-graph\">{\"@context\":\"https:\/\/schema.org\",\"@graph\":[{\"@type\":\"WebPage\",\"@id\":\"https:\/\/www.casadocaminhoananias.org.br\/site-2024\/calendario-eventos\/festa-das-aniversariantes-do-mes\/\",\"url\":\"https:\/\/www.casadocaminhoananias.org.br\/site-2024\/calendario-eventos\/festa-das-aniversariantes-do-mes\/\",\"name\":\"Festa das Aniversariantes do M\u00eas - Casa Anannias\",\"isPartOf\":{\"@id\":\"https:\/\/www.casadocaminhoananias.org.br\/site-2024\/#website\"},\"primaryImageOfPage\":{\"@id\":\"https:\/\/www.casadocaminhoananias.org.br\/site-2024\/calendario-eventos\/festa-das-aniversariantes-do-mes\/#primaryimage\"},\"image\":{\"@id\":\"https:\/\/www.casadocaminhoananias.org.br\/site-2024\/calendario-eventos\/festa-das-aniversariantes-do-mes\/#primaryimage\"},\"thumbnailUrl\":\"https:\/\/www.casadocaminhoananias.org.br\/site-2024\/wp-content\/uploads\/2024\/06\/icone-calendario-g.png\",\"datePublished\":\"2024-08-16T22:51:09+00:00\",\"dateModified\":\"2024-08-16T22:59:09+00:00\",\"breadcrumb\":{\"@id\":\"https:\/\/www.casadocaminhoananias.org.br\/site-2024\/calendario-eventos\/festa-das-aniversariantes-do-mes\/#breadcrumb\"},\"inLanguage\":\"pt-BR\",\"potentialAction\":[{\"@type\":\"ReadAction\",\"target\":[\"https:\/\/www.casadocaminhoananias.org.br\/site-2024\/calendario-eventos\/festa-das-aniversariantes-do-mes\/\"]}]},{\"@type\":\"ImageObject\",\"inLanguage\":\"pt-BR\",\"@id\":\"https:\/\/www.casadocaminhoananias.org.br\/site-2024\/calendario-eventos\/festa-das-aniversariantes-do-mes\/#primaryimage\",\"url\":\"https:\/\/www.casadocaminhoananias.org.br\/site-2024\/wp-content\/uploads\/2024\/06\/icone-calendario-g.png\",\"contentUrl\":\"https:\/\/www.casadocaminhoananias.org.br\/site-2024\/wp-content\/uploads\/2024\/06\/icone-calendario-g.png\",\"width\":93,\"height\":93},{\"@type\":\"BreadcrumbList\",\"@id\":\"https:\/\/www.casadocaminhoananias.org.br\/site-2024\/calendario-eventos\/festa-das-aniversariantes-do-mes\/#breadcrumb\",\"itemListElement\":[{\"@type\":\"ListItem\",\"position\":1,\"name\":\"In\u00edcio\",\"item\":\"https:\/\/www.casadocaminhoananias.org.br\/site-2024\/\"},{\"@type\":\"ListItem\",\"position\":2,\"name\":\"Calend\u00e1rio\/eventos\",\"item\":\"https:\/\/www.casadocaminhoananias.org.br\/site-2024\/calendario-eventos\/\"},{\"@type\":\"ListItem\",\"position\":3,\"name\":\"Festa das Aniversariantes do M\u00eas\"}]},{\"@type\":\"WebSite\",\"@id\":\"https:\/\/www.casadocaminhoananias.org.br\/site-2024\/#website\",\"url\":\"https:\/\/www.casadocaminhoananias.org.br\/site-2024\/\",\"name\":\"Casa Anannias\",\"description\":\"Institui\u00e7\u00e3o assistencial\",\"potentialAction\":[{\"@type\":\"SearchAction\",\"target\":{\"@type\":\"EntryPoint\",\"urlTemplate\":\"https:\/\/www.casadocaminhoananias.org.br\/site-2024\/?s={search_term_string}\"},\"query-input\":\"required name=search_term_string\"}],\"inLanguage\":\"pt-BR\"}]}<\/script>\n<!-- \/ Yoast SEO plugin. -->","yoast_head_json":{"title":"Festa das Aniversariantes do M\u00eas - Casa Anannias","robots":{"index":"noindex","follow":"follow","max-snippet":"max-snippet:-1","max-image-preview":"max-image-preview:large","max-video-preview":"max-video-preview:-1"},"og_locale":"pt_BR","og_type":"article","og_title":"Festa das Aniversariantes do M\u00eas - Casa Anannias","og_description":"Eventos e AtividadesConhe\u00e7a algumas das a\u00e7\u00f5es que integram o calend\u00e1rio da Casa do Caminho AnaniasCelebra\u00e7\u00f5esFesta das Aniversariantes do M\u00easFrequ\u00eancia: mensal Objetivo: promover a intera\u00e7\u00e3o e socializa\u00e7\u00e3o entre as idosas de [&hellip;]","og_url":"https:\/\/www.casadocaminhoananias.org.br\/site-2024\/calendario-eventos\/festa-das-aniversariantes-do-mes\/","og_site_name":"Casa Anannias","article_modified_time":"2024-08-16T22:59:09+00:00","og_image":[{"url":"https:\/\/www.casadocaminhoananias.org.br\/site-2024\/wp-content\/uploads\/2024\/06\/icone-calendario-g.png"}],"twitter_card":"summary_large_image","twitter_misc":{"Est. tempo de leitura":"7 minutos"},"schema":{"@context":"https:\/\/schema.org","@graph":[{"@type":"WebPage","@id":"https:\/\/www.casadocaminhoananias.org.br\/site-2024\/calendario-eventos\/festa-das-aniversariantes-do-mes\/","url":"https:\/\/www.casadocaminhoananias.org.br\/site-2024\/calendario-eventos\/festa-das-aniversariantes-do-mes\/","name":"Festa das Aniversariantes do M\u00eas - Casa Anannias","isPartOf":{"@id":"https:\/\/www.casadocaminhoananias.org.br\/site-2024\/#website"},"primaryImageOfPage":{"@id":"https:\/\/www.casadocaminhoananias.org.br\/site-2024\/calendario-eventos\/festa-das-aniversariantes-do-mes\/#primaryimage"},"image":{"@id":"https:\/\/www.casadocaminhoananias.org.br\/site-2024\/calendario-eventos\/festa-das-aniversariantes-do-mes\/#primaryimage"},"thumbnailUrl":"https:\/\/www.casadocaminhoananias.org.br\/site-2024\/wp-content\/uploads\/2024\/06\/icone-calendario-g.png","datePublished":"2024-08-16T22:51:09+00:00","dateModified":"2024-08-16T22:59:09+00:00","breadcrumb":{"@id":"https:\/\/www.casadocaminhoananias.org.br\/site-2024\/calendario-eventos\/festa-das-aniversariantes-do-mes\/#breadcrumb"},"inLanguage":"pt-BR","potentialAction":[{"@type":"ReadAction","target":["https:\/\/www.casadocaminhoananias.org.br\/site-2024\/calendario-eventos\/festa-das-aniversariantes-do-mes\/"]}]},{"@type":"ImageObject","inLanguage":"pt-BR","@id":"https:\/\/www.casadocaminhoananias.org.br\/site-2024\/calendario-eventos\/festa-das-aniversariantes-do-mes\/#primaryimage","url":"https:\/\/www.casadocaminhoananias.org.br\/site-2024\/wp-content\/uploads\/2024\/06\/icone-calendario-g.png","contentUrl":"https:\/\/www.casadocaminhoananias.org.br\/site-2024\/wp-content\/uploads\/2024\/06\/icone-calendario-g.png","width":93,"height":93},{"@type":"BreadcrumbList","@id":"https:\/\/www.casadocaminhoananias.org.br\/site-2024\/calendario-eventos\/festa-das-aniversariantes-do-mes\/#breadcrumb","itemListElement":[{"@type":"ListItem","position":1,"name":"In\u00edcio","item":"https:\/\/www.casadocaminhoananias.org.br\/site-2024\/"},{"@type":"ListItem","position":2,"name":"Calend\u00e1rio\/eventos","item":"https:\/\/www.casadocaminhoananias.org.br\/site-2024\/calendario-eventos\/"},{"@type":"ListItem","position":3,"name":"Festa das Aniversariantes do M\u00eas"}]},{"@type":"WebSite","@id":"https:\/\/www.casadocaminhoananias.org.br\/site-2024\/#website","url":"https:\/\/www.casadocaminhoananias.org.br\/site-2024\/","name":"Casa Anannias","description":"Institui\u00e7\u00e3o assistencial","potentialAction":[{"@type":"SearchAction","target":{"@type":"EntryPoint","urlTemplate":"https:\/\/www.casadocaminhoananias.org.br\/site-2024\/?s={search_term_string}"},"query-input":"required name=search_term_string"}],"inLanguage":"pt-BR"}]}},"_links":{"self":[{"href":"https:\/\/www.casadocaminhoananias.org.br\/site-2024\/wp-json\/wp\/v2\/pages\/357"}],"collection":[{"href":"https:\/\/www.casadocaminhoananias.org.br\/site-2024\/wp-json\/wp\/v2\/pages"}],"about":[{"href":"https:\/\/www.casadocaminhoananias.org.br\/site-2024\/wp-json\/wp\/v2\/types\/page"}],"author":[{"embeddable":true,"href":"https:\/\/www.casadocaminhoananias.org.br\/site-2024\/wp-json\/wp\/v2\/users\/1"}],"replies":[{"embeddable":true,"href":"https:\/\/www.casadocaminhoananias.org.br\/site-2024\/wp-json\/wp\/v2\/comments?post=357"}],"version-history":[{"count":5,"href":"https:\/\/www.casadocaminhoananias.org.br\/site-2024\/wp-json\/wp\/v2\/pages\/357\/revisions"}],"predecessor-version":[{"id":369,"href":"https:\/\/www.casadocaminhoananias.org.br\/site-2024\/wp-json\/wp\/v2\/pages\/357\/revisions\/369"}],"up":[{"embeddable":true,"href":"https:\/\/www.casadocaminhoananias.org.br\/site-2024\/wp-json\/wp\/v2\/pages\/169"}],"wp:attachment":[{"href":"https:\/\/www.casadocaminhoananias.org.br\/site-2024\/wp-json\/wp\/v2\/media?parent=357"}],"curies":[{"name":"wp","href":"https:\/\/api.w.org\/{rel}","templated":true}]}}